{"id":2577,"date":"2020-11-02T06:17:02","date_gmt":"2020-11-02T06:17:02","guid":{"rendered":"https:\/\/atriumhotels.ro\/?page_id=2577"},"modified":"2020-11-04T17:18:05","modified_gmt":"2020-11-04T17:18:05","slug":"atrium-hotel-ateneu-city-center-covid-19-useful-resources","status":"publish","type":"page","link":"https:\/\/atriumhotels.ro\/en\/atrium-hotel-ateneu-city-center-covid-19-useful-resources\/","title":{"rendered":"Atrium Hotel Ateneu City Center \u2013 Covid-19 Useful resources"},"content":{"rendered":"<div data-elementor-type=\"wp-page\" data-elementor-id=\"2577\" class=\"elementor elementor-2577\" data-elementor-settings=\"[]\">\n\t\t\t\t\t\t<div class=\"elementor-inner\">\n\t\t\t\t\t\t\t<div class=\"elementor-section-wrap\">\n\t\t\t\t\t\t\t<section class=\"elementor-section elementor-top-section elementor-element elementor-element-4c68fdad elementor-section-boxed elementor-section-height-default elementor-section-height-default\" data-id=\"4c68fdad\" data-element_type=\"section\">\n\t\t\t\t\t\t<div class=\"elementor-container elementor-column-gap-default\">\n\t\t\t\t\t\t\t<div class=\"elementor-row\">\n\t\t\t\t\t<div class=\"elementor-column elementor-col-100 elementor-top-column elementor-element elementor-element-193f1d67\" data-id=\"193f1d67\" data-element_type=\"column\">\n\t\t\t<div class=\"elementor-column-wrap elementor-element-populated\">\n\t\t\t\t\t\t\t<div class=\"elementor-widget-wrap\">\n\t\t\t\t\t\t<div class=\"elementor-element elementor-element-f81d59d elementor-icon-list--layout-inline elementor-align-right elementor-list-item-link-full_width elementor-widget elementor-widget-icon-list\" data-id=\"f81d59d\" data-element_type=\"widget\" data-widget_type=\"icon-list.default\">\n\t\t\t\t<div class=\"elementor-widget-container\">\n\t\t\t\t\t<ul class=\"elementor-icon-list-items elementor-inline-items\">\n\t\t\t\t\t\t\t<li class=\"elementor-icon-list-item elementor-inline-item\">\n\t\t\t\t\t\t\t\t\t\t\t<span class=\"elementor-icon-list-icon\">\n\t\t\t\t\t\t\t<i aria-hidden=\"true\" class=\"fas fa-location-arrow\"><\/i>\t\t\t\t\t\t<\/span>\n\t\t\t\t\t\t\t\t\t\t<span class=\"elementor-icon-list-text\"><b>Address<\/b> Pia\u021ba Amzei 8 Street, Bucharest 030167<\/span>\n\t\t\t\t\t\t\t\t\t<\/li>\n\t\t\t\t\t\t\t\t<li class=\"elementor-icon-list-item elementor-inline-item\">\n\t\t\t\t\t<a href=\"tel: 40770847361 \">\t\t\t\t\t\t<span class=\"elementor-icon-list-icon\">\n\t\t\t\t\t\t\t<i aria-hidden=\"true\" class=\"fas fa-phone-alt\"><\/i>\t\t\t\t\t\t<\/span>\n\t\t\t\t\t\t\t\t\t\t<span class=\"elementor-icon-list-text\">+40 770 847 361 <\/span>\n\t\t\t\t\t\t\t\t\t\t\t<\/a>\n\t\t\t\t\t\t\t\t\t<\/li>\n\t\t\t\t\t\t\t\t<li class=\"elementor-icon-list-item elementor-inline-item\">\n\t\t\t\t\t<a href=\"mailto:ateneu@atriumhotels.ro\">\t\t\t\t\t\t<span class=\"elementor-icon-list-icon\">\n\t\t\t\t\t\t\t<i aria-hidden=\"true\" class=\"fas fa-mail-bulk\"><\/i>\t\t\t\t\t\t<\/span>\n\t\t\t\t\t\t\t\t\t\t<span class=\"elementor-icon-list-text\">ateneu@atriumhotels.ro<\/span>\n\t\t\t\t\t\t\t\t\t\t\t<\/a>\n\t\t\t\t\t\t\t\t\t<\/li>\n\t\t\t\t\t\t<\/ul>\n\t\t\t\t<\/div>\n\t\t\t\t<\/div>\n\t\t\t\t\t\t<\/div>\n\t\t\t\t\t<\/div>\n\t\t<\/div>\n\t\t\t\t\t\t\t\t<\/div>\n\t\t\t\t\t<\/div>\n\t\t<\/section>\n\t\t\t\t<section class=\"elementor-section elementor-top-section elementor-element elementor-element-3ae510a2 elementor-section-content-middle elementor-section-boxed elementor-section-height-default elementor-section-height-default\" data-id=\"3ae510a2\" data-element_type=\"section\" data-settings=\"{&quot;background_background&quot;:&quot;classic&quot;}\">\n\t\t\t\t\t\t<div class=\"elementor-container elementor-column-gap-default\">\n\t\t\t\t\t\t\t<div class=\"elementor-row\">\n\t\t\t\t\t<div class=\"elementor-column elementor-col-50 elementor-top-column elementor-element elementor-element-3f892ed4\" data-id=\"3f892ed4\" data-element_type=\"column\">\n\t\t\t<div class=\"elementor-column-wrap elementor-element-populated\">\n\t\t\t\t\t\t\t<div class=\"elementor-widget-wrap\">\n\t\t\t\t\t\t<div class=\"elementor-element elementor-element-7f34702a elementor-widget elementor-widget-image\" data-id=\"7f34702a\" data-element_type=\"widget\" data-widget_type=\"image.default\">\n\t\t\t\t<div class=\"elementor-widget-container\">\n\t\t\t\t\t\t\t\t<div class=\"elementor-image\">\n\t\t\t\t\t\t\t\t\t\t\t\t<img loading=\"lazy\" decoding=\"async\" width=\"300\" height=\"93\" src=\"https:\/\/atriumhotels.ro\/wp-content\/uploads\/2020\/10\/hotel-atrium-sigla-removebg-preview-1.png\" class=\"attachment-full size-full\" alt=\"\" srcset=\"https:\/\/atriumhotels.ro\/wp-content\/uploads\/2020\/10\/hotel-atrium-sigla-removebg-preview-1.png 300w, https:\/\/atriumhotels.ro\/wp-content\/uploads\/2020\/10\/hotel-atrium-sigla-removebg-preview-1-145x45.png 145w\" sizes=\"(max-width: 300px) 100vw, 300px\" \/>\t\t\t\t\t\t\t\t\t\t\t\t\t\t<\/div>\n\t\t\t\t\t\t<\/div>\n\t\t\t\t<\/div>\n\t\t\t\t\t\t<\/div>\n\t\t\t\t\t<\/div>\n\t\t<\/div>\n\t\t\t\t<div class=\"elementor-column elementor-col-50 elementor-top-column elementor-element elementor-element-6bcc3914\" data-id=\"6bcc3914\" data-element_type=\"column\">\n\t\t\t<div class=\"elementor-column-wrap\">\n\t\t\t\t\t\t\t<div class=\"elementor-widget-wrap\">\n\t\t\t\t\t\t\t\t<\/div>\n\t\t\t\t\t<\/div>\n\t\t<\/div>\n\t\t\t\t\t\t\t\t<\/div>\n\t\t\t\t\t<\/div>\n\t\t<\/section>\n\t\t\t\t<section class=\"elementor-section elementor-top-section elementor-element elementor-element-99f4189 elementor-section-boxed elementor-section-height-default elementor-section-height-default\" data-id=\"99f4189\" data-element_type=\"section\">\n\t\t\t\t\t\t<div class=\"elementor-container elementor-column-gap-default\">\n\t\t\t\t\t\t\t<div class=\"elementor-row\">\n\t\t\t\t\t<div class=\"elementor-column elementor-col-100 elementor-top-column elementor-element elementor-element-e21e171\" data-id=\"e21e171\" data-element_type=\"column\">\n\t\t\t<div class=\"elementor-column-wrap elementor-element-populated\">\n\t\t\t\t\t\t\t<div class=\"elementor-widget-wrap\">\n\t\t\t\t\t\t<div class=\"elementor-element elementor-element-c60e677 elementor-widget elementor-widget-heading\" data-id=\"c60e677\" data-element_type=\"widget\" data-widget_type=\"heading.default\">\n\t\t\t\t<div class=\"elementor-widget-container\">\n\t\t\t<h1 class=\"elementor-heading-title elementor-size-default\">COVID-19 Useful resources<\/h1>\t\t<\/div>\n\t\t\t\t<\/div>\n\t\t\t\t\t\t<\/div>\n\t\t\t\t\t<\/div>\n\t\t<\/div>\n\t\t\t\t\t\t\t\t<\/div>\n\t\t\t\t\t<\/div>\n\t\t<\/section>\n\t\t\t\t<section class=\"elementor-section elementor-top-section elementor-element elementor-element-760b598 elementor-section-boxed elementor-section-height-default elementor-section-height-default\" data-id=\"760b598\" data-element_type=\"section\">\n\t\t\t\t\t\t<div class=\"elementor-container elementor-column-gap-default\">\n\t\t\t\t\t\t\t<div class=\"elementor-row\">\n\t\t\t\t\t<div class=\"elementor-column elementor-col-100 elementor-top-column elementor-element elementor-element-31ff2d8\" data-id=\"31ff2d8\" data-element_type=\"column\">\n\t\t\t<div class=\"elementor-column-wrap elementor-element-populated\">\n\t\t\t\t\t\t\t<div class=\"elementor-widget-wrap\">\n\t\t\t\t\t\t<div class=\"elementor-element elementor-element-bd5103f elementor-widget elementor-widget-text-editor\" data-id=\"bd5103f\" data-element_type=\"widget\" data-widget_type=\"text-editor.default\">\n\t\t\t\t<div class=\"elementor-widget-container\">\n\t\t\t\t\t\t\t\t<div class=\"elementor-text-editor elementor-clearfix\">\n\t\t\t\t\t<h2><strong>Health &amp; safety<\/strong><\/h2><div><strong>\u00a0<\/strong><\/div><p><strong>Safety features<\/strong><\/p><ul><li>Staff follow all safety protocols as directed by local authorities<\/li><li>Shared stationery such as printed menus, magazines, pens, and paper removed<\/li><li>Hand sanitizer in guest accommodation and key areas<\/li><li>Process in place to check health of guests<\/li><li>First aid kit available<\/li><li>Access to healthcare professionals<\/li><li>Thermometers for guests provided by property<\/li><li>Face masks for guests available<\/li><li>Air purifiers installed<\/li><\/ul><p><strong>Physical distancing<\/strong><\/p><ul><li>Contactless check-in\/out<\/li><li>Cashless payment available<\/li><li>Physical distancing rules followed<\/li><li>Mobile app for room service<\/li><li>Screens or physical barriers between staff and guests in appropriate areas<\/li><li>Single-room AC for guest accommodation<\/li><\/ul><p><strong>Cleanliness &amp; disinfection<\/strong><\/p><ul><li>Use of cleaning chemicals that are effective against coronavirus<\/li><li>Linens, towels, and laundry washed in accordance with local authority guidelines<\/li><li>Guest accommodation disinfected between stays<\/li><li>Guest accommodation sealed after cleaning<\/li><li>Property cleaned by professional cleaning companies<\/li><li>Guests have the option to cancel any cleaning services for their accommodation during their stay<\/li><li>Hand sanitizer<\/li><\/ul><p><strong>Food &amp; drink safety<\/strong><\/p><ul><li>Physical distancing in dining areas<\/li><li>Food can be delivered to guest accommodation<\/li><li>All plates, cutlery, glasses, and other tableware sanitized<\/li><li>Breakfast to-go containers<\/li><li>Delivered food covered securely<\/li><\/ul><p>\u00a0<\/p>\t\t\t\t\t<\/div>\n\t\t\t\t\t\t<\/div>\n\t\t\t\t<\/div>\n\t\t\t\t\t\t<\/div>\n\t\t\t\t\t<\/div>\n\t\t<\/div>\n\t\t\t\t\t\t\t\t<\/div>\n\t\t\t\t\t<\/div>\n\t\t<\/section>\n\t\t\t\t\t\t<\/div>\n\t\t\t\t\t\t<\/div>\n\t\t\t\t\t<\/div>","protected":false},"excerpt":{"rendered":"<p>Adresa: Strada Piata Amzei nr. 8, Bucuresti. +40 770 847 361 ateneu@atriumhotels.ro COVID-19 Resurse Utile S\u0103n\u0103tate \u0219i siguran\u021b\u0103 \u00a0 Facilit\u0103\u021bi de siguran\u021b\u0103 Personalul urmeaz\u0103 toate protocoalele de siguran\u021b\u0103 impuse de autorit\u0103\u021bile locale Articolele utilizate \u00een comun, precum meniurile imprimate, revistele, pixurile \u0219i h\u00e2rtia au fost eliminate Dezinfectant pentru m\u00e2ini \u00een unitatea de cazare \u0219i \u00een &hellip;<\/p>\n<p class=\"read-more\"> <a class=\"\" href=\"https:\/\/atriumhotels.ro\/en\/atrium-hotel-ateneu-city-center-covid-19-useful-resources\/\"> <span class=\"screen-reader-text\">Atrium Hotel Ateneu City Center \u2013 Covid-19 Useful resources<\/span> Read More &raquo;<\/a><\/p>","protected":false},"author":3,"featured_media":0,"parent":0,"menu_order":0,"comment_status":"closed","ping_status":"closed","template":"elementor_canvas","meta":{"om_disable_all_campaigns":false,"_monsterinsights_skip_tracking":false,"_monsterinsights_sitenote_active":false,"_monsterinsights_sitenote_note":"","_monsterinsights_sitenote_category":0,"site-sidebar-layout":"no-sidebar","site-content-layout":"page-builder","ast-main-header-display":"","ast-hfb-above-header-display":"","ast-hfb-below-header-display":"","ast-hfb-mobile-header-display":"","site-post-title":"disabled","ast-breadcrumbs-content":"","ast-featured-img":"disabled","footer-sml-layout":"","theme-transparent-header-meta":"default","adv-header-id-meta":"","stick-header-meta":"","header-above-stick-meta":"","header-main-stick-meta":"","header-below-stick-meta":"","footnotes":""},"yoast_head":"<!-- This site is optimized with the Yoast SEO plugin v22.9 - https:\/\/yoast.com\/wordpress\/plugins\/seo\/ -->\n<title>Atrium Hotel Ateneu City Center \u2013 Covid-19 Useful resources - Atrium Hotels<\/title>\n<meta name=\"robots\" content=\"index, follow, max-snippet:-1, max-image-preview:large, max-video-preview:-1\" \/>\n<link rel=\"canonical\" href=\"https:\/\/atriumhotels.ro\/en\/atrium-hotel-ateneu-city-center-covid-19-useful-resources\/\" \/>\n<meta property=\"og:locale\" content=\"en_US\" \/>\n<meta property=\"og:type\" content=\"article\" \/>\n<meta property=\"og:title\" content=\"Atrium Hotel Ateneu City Center \u2013 Covid-19 Useful resources - Atrium Hotels\" \/>\n<meta property=\"og:description\" content=\"Adresa: Strada Piata Amzei nr. 8, Bucuresti. +40 770 847 361 ateneu@atriumhotels.ro COVID-19 Resurse Utile S\u0103n\u0103tate \u0219i siguran\u021b\u0103 \u00a0 Facilit\u0103\u021bi de siguran\u021b\u0103 Personalul urmeaz\u0103 toate protocoalele de siguran\u021b\u0103 impuse de autorit\u0103\u021bile locale Articolele utilizate \u00een comun, precum meniurile imprimate, revistele, pixurile \u0219i h\u00e2rtia au fost eliminate Dezinfectant pentru m\u00e2ini \u00een unitatea de cazare \u0219i \u00een &hellip; Atrium Hotel Ateneu City Center \u2013 Covid-19 Useful resources Read More &raquo;\" \/>\n<meta property=\"og:url\" content=\"https:\/\/atriumhotels.ro\/en\/atrium-hotel-ateneu-city-center-covid-19-useful-resources\/\" \/>\n<meta property=\"og:site_name\" content=\"Atrium Hotels\" \/>\n<meta property=\"article:modified_time\" content=\"2020-11-04T17:18:05+00:00\" \/>\n<meta property=\"og:image\" content=\"https:\/\/atriumhotels.ro\/wp-content\/uploads\/2020\/10\/hotel-atrium-sigla-removebg-preview-1.png\" \/>\n<meta name=\"twitter:card\" content=\"summary_large_image\" \/>\n<meta name=\"twitter:label1\" content=\"Est. reading time\" \/>\n\t<meta name=\"twitter:data1\" content=\"1 minute\" \/>\n<script type=\"application\/ld+json\" class=\"yoast-schema-graph\">{\"@context\":\"https:\/\/schema.org\",\"@graph\":[{\"@type\":\"WebPage\",\"@id\":\"https:\/\/atriumhotels.ro\/atrium-hotel-ateneu-city-center-covid-19-useful-resources\/\",\"url\":\"https:\/\/atriumhotels.ro\/atrium-hotel-ateneu-city-center-covid-19-useful-resources\/\",\"name\":\"Atrium Hotel Ateneu City Center \u2013 Covid-19 Useful resources - Atrium Hotels\",\"isPartOf\":{\"@id\":\"https:\/\/atriumhotels.ro\/#website\"},\"primaryImageOfPage\":{\"@id\":\"https:\/\/atriumhotels.ro\/atrium-hotel-ateneu-city-center-covid-19-useful-resources\/#primaryimage\"},\"image\":{\"@id\":\"https:\/\/atriumhotels.ro\/atrium-hotel-ateneu-city-center-covid-19-useful-resources\/#primaryimage\"},\"thumbnailUrl\":\"https:\/\/atriumhotels.ro\/wp-content\/uploads\/2020\/10\/hotel-atrium-sigla-removebg-preview-1.png\",\"datePublished\":\"2020-11-02T06:17:02+00:00\",\"dateModified\":\"2020-11-04T17:18:05+00:00\",\"breadcrumb\":{\"@id\":\"https:\/\/atriumhotels.ro\/atrium-hotel-ateneu-city-center-covid-19-useful-resources\/#breadcrumb\"},\"inLanguage\":\"en-US\",\"potentialAction\":[{\"@type\":\"ReadAction\",\"target\":[\"https:\/\/atriumhotels.ro\/atrium-hotel-ateneu-city-center-covid-19-useful-resources\/\"]}]},{\"@type\":\"ImageObject\",\"inLanguage\":\"en-US\",\"@id\":\"https:\/\/atriumhotels.ro\/atrium-hotel-ateneu-city-center-covid-19-useful-resources\/#primaryimage\",\"url\":\"https:\/\/atriumhotels.ro\/wp-content\/uploads\/2020\/10\/hotel-atrium-sigla-removebg-preview-1.png\",\"contentUrl\":\"https:\/\/atriumhotels.ro\/wp-content\/uploads\/2020\/10\/hotel-atrium-sigla-removebg-preview-1.png\"},{\"@type\":\"BreadcrumbList\",\"@id\":\"https:\/\/atriumhotels.ro\/atrium-hotel-ateneu-city-center-covid-19-useful-resources\/#breadcrumb\",\"itemListElement\":[{\"@type\":\"ListItem\",\"position\":1,\"name\":\"Home\",\"item\":\"https:\/\/atriumhotels.ro\/\"},{\"@type\":\"ListItem\",\"position\":2,\"name\":\"Atrium Hotel Ateneu City Center \u2013 Covid-19 Useful resources\"}]},{\"@type\":\"WebSite\",\"@id\":\"https:\/\/atriumhotels.ro\/#website\",\"url\":\"https:\/\/atriumhotels.ro\/\",\"name\":\"Atrium Hotels\",\"description\":\"Atrium Hotels\",\"potentialAction\":[{\"@type\":\"SearchAction\",\"target\":{\"@type\":\"EntryPoint\",\"urlTemplate\":\"https:\/\/atriumhotels.ro\/?s={search_term_string}\"},\"query-input\":\"required name=search_term_string\"}],\"inLanguage\":\"en-US\"}]}<\/script>\n<!-- \/ Yoast SEO plugin. -->","yoast_head_json":{"title":"Atrium Hotel Ateneu City Center \u2013 Covid-19 Useful resources - Atrium Hotels","robots":{"index":"index","follow":"follow","max-snippet":"max-snippet:-1","max-image-preview":"max-image-preview:large","max-video-preview":"max-video-preview:-1"},"canonical":"https:\/\/atriumhotels.ro\/en\/atrium-hotel-ateneu-city-center-covid-19-useful-resources\/","og_locale":"en_US","og_type":"article","og_title":"Atrium Hotel Ateneu City Center \u2013 Covid-19 Useful resources - Atrium Hotels","og_description":"Adresa: Strada Piata Amzei nr. 8, Bucuresti. +40 770 847 361 ateneu@atriumhotels.ro COVID-19 Resurse Utile S\u0103n\u0103tate \u0219i siguran\u021b\u0103 \u00a0 Facilit\u0103\u021bi de siguran\u021b\u0103 Personalul urmeaz\u0103 toate protocoalele de siguran\u021b\u0103 impuse de autorit\u0103\u021bile locale Articolele utilizate \u00een comun, precum meniurile imprimate, revistele, pixurile \u0219i h\u00e2rtia au fost eliminate Dezinfectant pentru m\u00e2ini \u00een unitatea de cazare \u0219i \u00een &hellip; Atrium Hotel Ateneu City Center \u2013 Covid-19 Useful resources Read More &raquo;","og_url":"https:\/\/atriumhotels.ro\/en\/atrium-hotel-ateneu-city-center-covid-19-useful-resources\/","og_site_name":"Atrium Hotels","article_modified_time":"2020-11-04T17:18:05+00:00","og_image":[{"url":"https:\/\/atriumhotels.ro\/wp-content\/uploads\/2020\/10\/hotel-atrium-sigla-removebg-preview-1.png"}],"twitter_card":"summary_large_image","twitter_misc":{"Est. reading time":"1 minute"},"schema":{"@context":"https:\/\/schema.org","@graph":[{"@type":"WebPage","@id":"https:\/\/atriumhotels.ro\/atrium-hotel-ateneu-city-center-covid-19-useful-resources\/","url":"https:\/\/atriumhotels.ro\/atrium-hotel-ateneu-city-center-covid-19-useful-resources\/","name":"Atrium Hotel Ateneu City Center \u2013 Covid-19 Useful resources - Atrium Hotels","isPartOf":{"@id":"https:\/\/atriumhotels.ro\/#website"},"primaryImageOfPage":{"@id":"https:\/\/atriumhotels.ro\/atrium-hotel-ateneu-city-center-covid-19-useful-resources\/#primaryimage"},"image":{"@id":"https:\/\/atriumhotels.ro\/atrium-hotel-ateneu-city-center-covid-19-useful-resources\/#primaryimage"},"thumbnailUrl":"https:\/\/atriumhotels.ro\/wp-content\/uploads\/2020\/10\/hotel-atrium-sigla-removebg-preview-1.png","datePublished":"2020-11-02T06:17:02+00:00","dateModified":"2020-11-04T17:18:05+00:00","breadcrumb":{"@id":"https:\/\/atriumhotels.ro\/atrium-hotel-ateneu-city-center-covid-19-useful-resources\/#breadcrumb"},"inLanguage":"en-US","potentialAction":[{"@type":"ReadAction","target":["https:\/\/atriumhotels.ro\/atrium-hotel-ateneu-city-center-covid-19-useful-resources\/"]}]},{"@type":"ImageObject","inLanguage":"en-US","@id":"https:\/\/atriumhotels.ro\/atrium-hotel-ateneu-city-center-covid-19-useful-resources\/#primaryimage","url":"https:\/\/atriumhotels.ro\/wp-content\/uploads\/2020\/10\/hotel-atrium-sigla-removebg-preview-1.png","contentUrl":"https:\/\/atriumhotels.ro\/wp-content\/uploads\/2020\/10\/hotel-atrium-sigla-removebg-preview-1.png"},{"@type":"BreadcrumbList","@id":"https:\/\/atriumhotels.ro\/atrium-hotel-ateneu-city-center-covid-19-useful-resources\/#breadcrumb","itemListElement":[{"@type":"ListItem","position":1,"name":"Home","item":"https:\/\/atriumhotels.ro\/"},{"@type":"ListItem","position":2,"name":"Atrium Hotel Ateneu City Center \u2013 Covid-19 Useful resources"}]},{"@type":"WebSite","@id":"https:\/\/atriumhotels.ro\/#website","url":"https:\/\/atriumhotels.ro\/","name":"Atrium Hotels","description":"Atrium Hotels","potentialAction":[{"@type":"SearchAction","target":{"@type":"EntryPoint","urlTemplate":"https:\/\/atriumhotels.ro\/?s={search_term_string}"},"query-input":"required name=search_term_string"}],"inLanguage":"en-US"}]}},"_links":{"self":[{"href":"https:\/\/atriumhotels.ro\/en\/wp-json\/wp\/v2\/pages\/2577"}],"collection":[{"href":"https:\/\/atriumhotels.ro\/en\/wp-json\/wp\/v2\/pages"}],"about":[{"href":"https:\/\/atriumhotels.ro\/en\/wp-json\/wp\/v2\/types\/page"}],"author":[{"embeddable":true,"href":"https:\/\/atriumhotels.ro\/en\/wp-json\/wp\/v2\/users\/3"}],"replies":[{"embeddable":true,"href":"https:\/\/atriumhotels.ro\/en\/wp-json\/wp\/v2\/comments?post=2577"}],"version-history":[{"count":7,"href":"https:\/\/atriumhotels.ro\/en\/wp-json\/wp\/v2\/pages\/2577\/revisions"}],"predecessor-version":[{"id":2667,"href":"https:\/\/atriumhotels.ro\/en\/wp-json\/wp\/v2\/pages\/2577\/revisions\/2667"}],"wp:attachment":[{"href":"https:\/\/atriumhotels.ro\/en\/wp-json\/wp\/v2\/media?parent=2577"}],"curies":[{"name":"wp","href":"https:\/\/api.w.org\/{rel}","templated":true}]}}